{"id":533,"date":"2019-01-15T05:15:23","date_gmt":"2019-01-15T05:15:23","guid":{"rendered":"https:\/\/www.carrotprocess.com\/?page_id=533"},"modified":"2019-01-15T05:15:23","modified_gmt":"2019-01-15T05:15:23","slug":"sobre-nosotros","status":"publish","type":"page","link":"https:\/\/www.carrotprocess.com\/es\/sobre-nosotros\/","title":{"rendered":"Sobre nosotros"},"content":{"rendered":"<p>Romiter Machinery Co., Ltd. es un dise\u00f1ador l\u00edder en el mercado y un fabricante de m\u00e1quinas de procesamiento de zanahorias con 15 a\u00f1os de experiencia. Nuestra f\u00e1brica es la empresa, ubicada en el centro de China. Con conveniente ir y venir y ventajosa ubicaci\u00f3n geogr\u00e1fica. Con una superficie de 36,000 metros cuadrados, la compa\u00f1\u00eda, con una inversi\u00f3n total de 180 millones de RMB en el proyecto. En los \u00faltimos 10 a\u00f1os, nos enfocamos en investigar y dise\u00f1ar la maquinaria que podr\u00eda procesar la zanahoria en diferentes productos finales.<\/p>\n<p><a href=\"https:\/\/www.carrotprocess.com\/wp-content\/uploads\/2018\/10\/Banner02-Automatic-Brush-Type-Carrot-Washing-Peeling-Machine-Manufacture-and-Supplier.jpg\"><img decoding=\"async\" class=\"alignnone wp-image-334 size-large\" src=\"https:\/\/www.carrotprocess.com\/wp-content\/uploads\/2018\/10\/Banner02-Automatic-Brush-Type-Carrot-Washing-Peeling-Machine-Manufacture-and-Supplier-1024x267.jpg\" alt=\"Banner02-Automatic-Brush-Type-Carrot-Washing-Peeling-Machine-Manufacture-and-Supplier\" width=\"1024\" height=\"267\" srcset=\"https:\/\/www.carrotprocess.com\/wp-content\/uploads\/2018\/10\/Banner02-Automatic-Brush-Type-Carrot-Washing-Peeling-Machine-Manufacture-and-Supplier-1024x267.jpg 1024w, https:\/\/www.carrotprocess.com\/wp-content\/uploads\/2018\/10\/Banner02-Automatic-Brush-Type-Carrot-Washing-Peeling-Machine-Manufacture-and-Supplier-300x78.jpg 300w, https:\/\/www.carrotprocess.com\/wp-content\/uploads\/2018\/10\/Banner02-Automatic-Brush-Type-Carrot-Washing-Peeling-Machine-Manufacture-and-Supplier-768x200.jpg 768w, https:\/\/www.carrotprocess.com\/wp-content\/uploads\/2018\/10\/Banner02-Automatic-Brush-Type-Carrot-Washing-Peeling-Machine-Manufacture-and-Supplier.jpg 1920w\" sizes=\"(max-width: 1024px) 100vw, 1024px\" \/><\/a><\/p>\n<p>Romiter Machinery gana una amplia reputaci\u00f3n por sus productos de alta eficiencia, excelente confiabilidad, f\u00e1cil mantenimiento y larga vida \u00fatil. Romiter tiene un excelente equipo de soporte t\u00e9cnico, que incluye a maquinistas y t\u00e9cnicos de servicio altamente experimentados. Todas nuestras m\u00e1quinas est\u00e1n equipadas con componentes de marca confiables. Esto nos permite ofrecer a nuestros clientes m\u00e1quinas de procesamiento de zanahorias de alta calidad y de alta calidad a precios competitivos.<\/p>\n<p><a href=\"https:\/\/www.carrotprocess.com\/wp-content\/uploads\/2018\/10\/Banner01-Automatic-Carrot-Cutting-Machine-for-Stick-Carrot-Chip-Carrot-Strip-and-Cube-Shape-Manufacture-Supplier.jpg\"><img decoding=\"async\" class=\"alignnone wp-image-335 size-large\" src=\"https:\/\/www.carrotprocess.com\/wp-content\/uploads\/2018\/10\/Banner01-Automatic-Carrot-Cutting-Machine-for-Stick-Carrot-Chip-Carrot-Strip-and-Cube-Shape-Manufacture-Supplier-1024x269.jpg\" alt=\"Banner01-Automatic-Carrot-Cutting-Machine-for-Stick-Carrot-Chip-Carrot-Strip-and-Cube-Shape-Manufacture-Supplier\" width=\"1024\" height=\"269\" srcset=\"https:\/\/www.carrotprocess.com\/wp-content\/uploads\/2018\/10\/Banner01-Automatic-Carrot-Cutting-Machine-for-Stick-Carrot-Chip-Carrot-Strip-and-Cube-Shape-Manufacture-Supplier-1024x269.jpg 1024w, https:\/\/www.carrotprocess.com\/wp-content\/uploads\/2018\/10\/Banner01-Automatic-Carrot-Cutting-Machine-for-Stick-Carrot-Chip-Carrot-Strip-and-Cube-Shape-Manufacture-Supplier-300x79.jpg 300w, https:\/\/www.carrotprocess.com\/wp-content\/uploads\/2018\/10\/Banner01-Automatic-Carrot-Cutting-Machine-for-Stick-Carrot-Chip-Carrot-Strip-and-Cube-Shape-Manufacture-Supplier-768x202.jpg 768w, https:\/\/www.carrotprocess.com\/wp-content\/uploads\/2018\/10\/Banner01-Automatic-Carrot-Cutting-Machine-for-Stick-Carrot-Chip-Carrot-Strip-and-Cube-Shape-Manufacture-Supplier.jpg 1900w\" sizes=\"(max-width: 1024px) 100vw, 1024px\" \/><\/a><\/p>\n<p>Siguiendo el principio de gesti\u00f3n cient\u00edfica y de honestidad y cr\u00e9dito, nuestra f\u00e1brica ha pasado la certificaci\u00f3n del sistema de calidad ISO9001-2000. Ahora, nuestra f\u00e1brica puede proporcionar la m\u00e1quina peladora de lavado de zanahorias, m\u00e1quina de embalaje de bolsas de malla de cebolla, m\u00e1quina cortadora de zanahorias, m\u00e1quina de polvos de zanahoria, m\u00e1quina de rebanadas de zanahorias deshidratadas, l\u00ednea de producci\u00f3n de zanahorias fritas<\/p>\n<p><a href=\"https:\/\/www.carrotprocess.com\/wp-content\/uploads\/2018\/10\/Banner03-Carrot-Juicer-Machine-Carrot-Juicer-Extractor-Machine-Manufacture-and-Supplier.jpg\"><img decoding=\"async\" class=\"alignnone wp-image-333 size-large\" src=\"https:\/\/www.carrotprocess.com\/wp-content\/uploads\/2018\/10\/Banner03-Carrot-Juicer-Machine-Carrot-Juicer-Extractor-Machine-Manufacture-and-Supplier-1024x269.jpg\" alt=\"Banner03-Carrot-Juicer-Machine-Carrot-Juicer-Extractor-Machine-Manufacture-and-Supplier\" width=\"1024\" height=\"269\" srcset=\"https:\/\/www.carrotprocess.com\/wp-content\/uploads\/2018\/10\/Banner03-Carrot-Juicer-Machine-Carrot-Juicer-Extractor-Machine-Manufacture-and-Supplier-1024x269.jpg 1024w, https:\/\/www.carrotprocess.com\/wp-content\/uploads\/2018\/10\/Banner03-Carrot-Juicer-Machine-Carrot-Juicer-Extractor-Machine-Manufacture-and-Supplier-300x79.jpg 300w, https:\/\/www.carrotprocess.com\/wp-content\/uploads\/2018\/10\/Banner03-Carrot-Juicer-Machine-Carrot-Juicer-Extractor-Machine-Manufacture-and-Supplier-768x202.jpg 768w, https:\/\/www.carrotprocess.com\/wp-content\/uploads\/2018\/10\/Banner03-Carrot-Juicer-Machine-Carrot-Juicer-Extractor-Machine-Manufacture-and-Supplier.jpg 1900w\" sizes=\"(max-width: 1024px) 100vw, 1024px\" \/><\/a><\/p>\n<p>M\u00e1quina de procesamiento de cebolla Romiter carne Europa requisito de calidad. Con la certificaci\u00f3n CE, el cliente no tiene que preocuparse por la importaci\u00f3n<\/p>\n<p>&nbsp;<\/p>\n<p><a href=\"https:\/\/www.carrotprocess.com\/wp-content\/uploads\/2018\/08\/Banner04-Full-Automatic-Frying-Carrot-Fries-Production-Line-Manufacture.jpg\"><img decoding=\"async\" class=\"alignnone wp-image-295 size-large\" src=\"https:\/\/www.carrotprocess.com\/wp-content\/uploads\/2018\/08\/Banner04-Full-Automatic-Frying-Carrot-Fries-Production-Line-Manufacture-1024x267.jpg\" alt=\"Banner04-Full-Automatic-Frying-Carrot-Fries-Production-Line-Manufacture\" width=\"1024\" height=\"267\" srcset=\"https:\/\/www.carrotprocess.com\/wp-content\/uploads\/2018\/08\/Banner04-Full-Automatic-Frying-Carrot-Fries-Production-Line-Manufacture-1024x267.jpg 1024w, https:\/\/www.carrotprocess.com\/wp-content\/uploads\/2018\/08\/Banner04-Full-Automatic-Frying-Carrot-Fries-Production-Line-Manufacture-300x78.jpg 300w, https:\/\/www.carrotprocess.com\/wp-content\/uploads\/2018\/08\/Banner04-Full-Automatic-Frying-Carrot-Fries-Production-Line-Manufacture-768x200.jpg 768w, https:\/\/www.carrotprocess.com\/wp-content\/uploads\/2018\/08\/Banner04-Full-Automatic-Frying-Carrot-Fries-Production-Line-Manufacture.jpg 1920w\" sizes=\"(max-width: 1024px) 100vw, 1024px\" \/><\/a><\/p>\n<p>Romiter Group provides a complete Onion\u00a0Processing Solution, which includes but is not limited to:<\/p>\n<ol>\n<li><a href=\"https:\/\/www.carrotprocess.com\/automatic-screw-feeding-type-carrot-washing-peeling-machine\/\">Carrot Washing Peeling Machine<\/a><\/li>\n<li><a href=\"https:\/\/www.carrotprocess.com\/rolling-bar-type-carrot-size-sorting-grading-machine\/\">Carrot Size Sorting Machine<\/a><\/li>\n<li><a href=\"https:\/\/www.carrotprocess.com\/automatic-cylinder-type-carrot-chip-slicing-machine\/\">Carrot Chip Cutting Machine<\/a><\/li>\n<li><a href=\"https:\/\/www.carrotprocess.com\/automatic-carrot-stick-cutting-machine\/\">Carrot Stick Cutting Machine<\/a><\/li>\n<li><a href=\"https:\/\/www.carrotprocess.com\/automatic-carrot-cube-shape-dicer-cutting-machine\/\">Carrot Cube Shape Cutting Machine<\/a><\/li>\n<li><a href=\"https:\/\/www.carrotprocess.com\/automatic-carrot-juice-making-machine\/\">Carrot Juicer Machine<\/a>,<\/li>\n<li><a href=\"https:\/\/www.carrotprocess.com\/electric-heating-type-carrot-slice-dryer-oven\/\">Carrot Dryer Machine<\/a>,<\/li>\n<li><a href=\"https:\/\/www.carrotprocess.com\/full-automatic-frying-carrot-fries-production-line\/\">Carrot Fries Making Machine<\/a>,<\/li>\n<li><a href=\"https:\/\/www.carrotprocess.com\/full-automatic-dehydrated-carrot-chips-production-line\/\">Dehydrated Carrot Chip Making Machine<\/a>,<\/li>\n<li><a href=\"https:\/\/www.carrotprocess.com\/automatic-carrot-dosing-packing-machine\/\">Carrot Bag Dosing Packing Machine<\/a>,<\/li>\n<li>Carrot Harvester Machine and other carrot related machine.<\/li>\n<\/ol>\n<p>Romiter Group can provide customized products for customers. Welcome to contact with us for more information.<\/p>\n<p><a href=\"https:\/\/www.carrotprocess.com\/wp-content\/uploads\/2018\/11\/Romiter-Machinery-Food-Processing-Machine-CE-Certification-and-Patent-Certification.jpg\"><img decoding=\"async\" class=\"alignnone size-full wp-image-391\" src=\"https:\/\/www.carrotprocess.com\/wp-content\/uploads\/2018\/11\/Romiter-Machinery-Food-Processing-Machine-CE-Certification-and-Patent-Certification.jpg\" alt=\"Romiter-Machinery-Food-Processing-Machine-CE-Certification-and-Patent-Certification\" width=\"800\" height=\"413\" srcset=\"https:\/\/www.carrotprocess.com\/wp-content\/uploads\/2018\/11\/Romiter-Machinery-Food-Processing-Machine-CE-Certification-and-Patent-Certification.jpg 800w, https:\/\/www.carrotprocess.com\/wp-content\/uploads\/2018\/11\/Romiter-Machinery-Food-Processing-Machine-CE-Certification-and-Patent-Certification-300x155.jpg 300w, https:\/\/www.carrotprocess.com\/wp-content\/uploads\/2018\/11\/Romiter-Machinery-Food-Processing-Machine-CE-Certification-and-Patent-Certification-768x396.jpg 768w\" sizes=\"(max-width: 800px) 100vw, 800px\" \/><\/a><\/p>\n<p>Facebook Page: <a href=\"https:\/\/www.facebook.com\/CarrotProcessingMachine\/\" rel=\"\u201cnofllow\u201d\">https:\/\/www.facebook.com\/CarrotProcessingMachine\/<\/a><\/p>\n\n<div class=\"wpcf7 no-js\" id=\"wpcf7-f5-o1\" lang=\"en-US\" dir=\"ltr\" data-wpcf7-id=\"5\">\n<div class=\"screen-reader-response\"><p role=\"status\" aria-live=\"polite\" aria-atomic=\"true\"><\/p> <ul><\/ul><\/div>\n<form action=\"\/es\/wp-json\/wp\/v2\/pages\/533#wpcf7-f5-o1\" method=\"post\" class=\"wpcf7-form init\" aria-label=\"Contact form\" novalidate=\"novalidate\" data-status=\"init\">\n<fieldset class=\"hidden-fields-container\"><input type=\"hidden\" name=\"_wpcf7\" value=\"5\" \/><input type=\"hidden\" name=\"_wpcf7_version\" value=\"6.1.5\" \/><input type=\"hidden\" name=\"_wpcf7_locale\" value=\"en_US\" \/><input type=\"hidden\" name=\"_wpcf7_unit_tag\" value=\"wpcf7-f5-o1\" \/><input type=\"hidden\" name=\"_wpcf7_container_post\" value=\"0\" \/><input type=\"hidden\" name=\"_wpcf7_posted_data_hash\" value=\"\" \/>\n<\/fieldset>\n<div id=\"inquiryForm\">\n\t<h2>Send Us Inquiry to Get Quotation\n\t<\/h2>\n\t<p>Please enter your contact information and the details you want to know about our product.\n\t<\/p>\n\t<p>Your Name (required)\n\t<\/p>\n\t<p><span class=\"wpcf7-form-control-wrap\" data-name=\"your-name\"><input size=\"40\" maxlength=\"400\" class=\"wpcf7-form-control wpcf7-text wpcf7-validates-as-required\" aria-required=\"true\" aria-invalid=\"false\" value=\"\" type=\"text\" name=\"your-name\" \/><\/span>\n\t<\/p>\n\t<p>Your Email (required)\n\t<\/p>\n\t<p><span class=\"wpcf7-form-control-wrap\" data-name=\"your-email\"><input size=\"40\" maxlength=\"400\" class=\"wpcf7-form-control wpcf7-email wpcf7-validates-as-required wpcf7-text wpcf7-validates-as-email\" aria-required=\"true\" aria-invalid=\"false\" value=\"\" type=\"email\" name=\"your-email\" \/><\/span>\n\t<\/p>\n\t<p>Country\n\t<\/p>\n\t<p><span class=\"wpcf7-form-control-wrap\" data-name=\"your-country\"><input size=\"40\" maxlength=\"400\" class=\"wpcf7-form-control wpcf7-text\" aria-invalid=\"false\" placeholder=\"Tell us Your Country\" value=\"\" type=\"text\" name=\"your-country\" \/><\/span>\n\t<\/p>\n\t<p>WhatsApp\n\t<\/p>\n\t<p><span class=\"wpcf7-form-control-wrap\" data-name=\"your-whatsapp\"><input size=\"40\" maxlength=\"400\" class=\"wpcf7-form-control wpcf7-text\" aria-invalid=\"false\" placeholder=\"Your WhatsApp ID with Country Code\" value=\"\" type=\"text\" name=\"your-whatsapp\" \/><\/span>\n\t<\/p>\n\t<p>Subject\n\t<\/p>\n\t<p><span class=\"wpcf7-form-control-wrap\" data-name=\"your-subject\"><input size=\"40\" maxlength=\"400\" class=\"wpcf7-form-control wpcf7-text\" aria-invalid=\"false\" value=\"\" type=\"text\" name=\"your-subject\" \/><\/span>\n\t<\/p>\n\t<p>Your Message\n\t<\/p>\n\t<p><span class=\"wpcf7-form-control-wrap\" data-name=\"your-message\"><textarea cols=\"40\" rows=\"10\" maxlength=\"2000\" class=\"wpcf7-form-control wpcf7-textarea\" aria-invalid=\"false\" placeholder=\"please specify your detail requirement here\" name=\"your-message\"><\/textarea><\/span>\n\t<\/p>\n\t<p><input class=\"wpcf7-form-control wpcf7-submit has-spinner\" type=\"submit\" value=\"Send\" \/>\n\t<\/p>\n<\/div><p style=\"display: none !important;\" class=\"akismet-fields-container\" data-prefix=\"_wpcf7_ak_\"><label>&#916;<textarea name=\"_wpcf7_ak_hp_textarea\" cols=\"45\" rows=\"8\" maxlength=\"100\"><\/textarea><\/label><input type=\"hidden\" id=\"ak_js_1\" name=\"_wpcf7_ak_js\" value=\"55\"\/><script>document.getElementById( \"ak_js_1\" ).setAttribute( \"value\", ( new Date() ).getTime() );<\/script><\/p><div class=\"wpcf7-response-output\" aria-hidden=\"true\"><\/div>\n<\/form>\n<\/div>\n\n","protected":false},"excerpt":{"rendered":"<p>Romiter Machinery Co., Ltd. es un dise\u00f1ador l\u00edder en el mercado y un fabricante de m\u00e1quinas de procesamiento de zanahorias con 15 a\u00f1os de experiencia. Nuestra f\u00e1brica es la empresa, ubicada en el centro de China. Con conveniente ir y venir y ventajosa ubicaci\u00f3n geogr\u00e1fica. Con una superficie de 36,000 metros cuadrados, la compa\u00f1\u00eda, con una inversi\u00f3n total de 180 millones de RMB en el proyecto. En los \u00faltimos 10 a\u00f1os, nos enfocamos en investigar y dise\u00f1ar la maquinaria que podr\u00eda procesar la zanahoria en diferentes productos finales. Romiter Machinery gana una amplia reputaci\u00f3n por sus productos de alta eficiencia, excelente confiabilidad, f\u00e1cil mantenimiento y larga vida \u00fatil. Romiter tiene un excelente equipo de soporte t\u00e9cnico, que incluye a maquinistas y t\u00e9cnicos de servicio altamente experimentados. Todas nuestras m\u00e1quinas est\u00e1n equipadas con componentes de marca confiables. Esto nos permite ofrecer a nuestros clientes m\u00e1quinas de procesamiento de zanahorias de alta calidad y de alta calidad a precios competitivos. Siguiendo el &#8230;<\/p>\n","protected":false},"author":1,"featured_media":0,"parent":0,"menu_order":0,"comment_status":"closed","ping_status":"closed","template":"","meta":{"footnotes":""},"class_list":["post-533","page","type-page","status-publish","hentry"],"aioseo_notices":[],"_links":{"self":[{"href":"https:\/\/www.carrotprocess.com\/es\/wp-json\/wp\/v2\/pages\/533","targetHints":{"allow":["GET"]}}],"collection":[{"href":"https:\/\/www.carrotprocess.com\/es\/wp-json\/wp\/v2\/pages"}],"about":[{"href":"https:\/\/www.carrotprocess.com\/es\/wp-json\/wp\/v2\/types\/page"}],"author":[{"embeddable":true,"href":"https:\/\/www.carrotprocess.com\/es\/wp-json\/wp\/v2\/users\/1"}],"replies":[{"embeddable":true,"href":"https:\/\/www.carrotprocess.com\/es\/wp-json\/wp\/v2\/comments?post=533"}],"version-history":[{"count":0,"href":"https:\/\/www.carrotprocess.com\/es\/wp-json\/wp\/v2\/pages\/533\/revisions"}],"wp:attachment":[{"href":"https:\/\/www.carrotprocess.com\/es\/wp-json\/wp\/v2\/media?parent=533"}],"curies":[{"name":"wp","href":"https:\/\/api.w.org\/{rel}","templated":true}]}}