{"id":531,"date":"2019-01-15T05:37:06","date_gmt":"2019-01-15T05:37:06","guid":{"rendered":"https:\/\/www.carrotprocess.com\/?page_id=531"},"modified":"2019-01-15T05:37:06","modified_gmt":"2019-01-15T05:37:06","slug":"sobre-nos","status":"publish","type":"page","link":"https:\/\/www.carrotprocess.com\/pt-br\/sobre-nos\/","title":{"rendered":"Sobre n\u00f3s"},"content":{"rendered":"<p>A Romiter Machinery Co., Ltd. \u00e9 um designer l\u00edder de mercado e um fabricante de m\u00e1quinas de processamento de cenoura com 15 anos de experi\u00eancia. Nossa f\u00e1brica \u00e9 empresa, localizada na China m\u00e9dia. com conveniente ir e vir e localiza\u00e7\u00e3o geogr\u00e1fica vantajosa. Cobrindo uma \u00e1rea de 36.000 metros quadrados, a empresa, com investimento total de RMB 180 milh\u00f5es no projeto. Nos \u00faltimos 10 anos, nos concentramos em pesquisar e projetar as m\u00e1quinas que poderiam processar a cenoura em diferentes produtos finais.<\/p>\n<p><a href=\"https:\/\/www.carrotprocess.com\/wp-content\/uploads\/2018\/10\/Banner02-Automatic-Brush-Type-Carrot-Washing-Peeling-Machine-Manufacture-and-Supplier.jpg\"><img decoding=\"async\" class=\"alignnone wp-image-334 size-large\" src=\"https:\/\/www.carrotprocess.com\/wp-content\/uploads\/2018\/10\/Banner02-Automatic-Brush-Type-Carrot-Washing-Peeling-Machine-Manufacture-and-Supplier-1024x267.jpg\" alt=\"Banner02-Automatic-Brush-Type-Carrot-Washing-Peeling-Machine-Manufacture-and-Supplier\" width=\"1024\" height=\"267\" srcset=\"https:\/\/www.carrotprocess.com\/wp-content\/uploads\/2018\/10\/Banner02-Automatic-Brush-Type-Carrot-Washing-Peeling-Machine-Manufacture-and-Supplier-1024x267.jpg 1024w, https:\/\/www.carrotprocess.com\/wp-content\/uploads\/2018\/10\/Banner02-Automatic-Brush-Type-Carrot-Washing-Peeling-Machine-Manufacture-and-Supplier-300x78.jpg 300w, https:\/\/www.carrotprocess.com\/wp-content\/uploads\/2018\/10\/Banner02-Automatic-Brush-Type-Carrot-Washing-Peeling-Machine-Manufacture-and-Supplier-768x200.jpg 768w, https:\/\/www.carrotprocess.com\/wp-content\/uploads\/2018\/10\/Banner02-Automatic-Brush-Type-Carrot-Washing-Peeling-Machine-Manufacture-and-Supplier.jpg 1920w\" sizes=\"(max-width: 1024px) 100vw, 1024px\" \/><\/a><\/p>\n<p>A Romiter Machinery obt\u00e9m ampla reputa\u00e7\u00e3o de produtos com alta efici\u00eancia, excelente confiabilidade, f\u00e1cil manuten\u00e7\u00e3o e longa vida \u00fatil. A Romiter possui uma excelente equipe de suporte t\u00e9cnico, incluindo mec\u00e2nicos e t\u00e9cnicos de servi\u00e7o altamente experientes. Todas as nossas m\u00e1quinas equipam com componentes de marca confi\u00e1veis. Isso nos permite fornecer aos nossos clientes uma m\u00e1quina de processamento de cenoura de alta qualidade e alta qualidade, a pre\u00e7os competitivos.<\/p>\n<p><a href=\"https:\/\/www.carrotprocess.com\/wp-content\/uploads\/2018\/10\/Banner01-Automatic-Carrot-Cutting-Machine-for-Stick-Carrot-Chip-Carrot-Strip-and-Cube-Shape-Manufacture-Supplier.jpg\"><img decoding=\"async\" class=\"alignnone wp-image-335 size-large\" src=\"https:\/\/www.carrotprocess.com\/wp-content\/uploads\/2018\/10\/Banner01-Automatic-Carrot-Cutting-Machine-for-Stick-Carrot-Chip-Carrot-Strip-and-Cube-Shape-Manufacture-Supplier-1024x269.jpg\" alt=\"Banner01-Automatic-Carrot-Cutting-Machine-for-Stick-Carrot-Chip-Carrot-Strip-and-Cube-Shape-Manufacture-Supplier\" width=\"1024\" height=\"269\" srcset=\"https:\/\/www.carrotprocess.com\/wp-content\/uploads\/2018\/10\/Banner01-Automatic-Carrot-Cutting-Machine-for-Stick-Carrot-Chip-Carrot-Strip-and-Cube-Shape-Manufacture-Supplier-1024x269.jpg 1024w, https:\/\/www.carrotprocess.com\/wp-content\/uploads\/2018\/10\/Banner01-Automatic-Carrot-Cutting-Machine-for-Stick-Carrot-Chip-Carrot-Strip-and-Cube-Shape-Manufacture-Supplier-300x79.jpg 300w, https:\/\/www.carrotprocess.com\/wp-content\/uploads\/2018\/10\/Banner01-Automatic-Carrot-Cutting-Machine-for-Stick-Carrot-Chip-Carrot-Strip-and-Cube-Shape-Manufacture-Supplier-768x202.jpg 768w, https:\/\/www.carrotprocess.com\/wp-content\/uploads\/2018\/10\/Banner01-Automatic-Carrot-Cutting-Machine-for-Stick-Carrot-Chip-Carrot-Strip-and-Cube-Shape-Manufacture-Supplier.jpg 1900w\" sizes=\"(max-width: 1024px) 100vw, 1024px\" \/><\/a><\/p>\n<p>Aderindo ao princ\u00edpio de gerir cientificamente e honestidade e cr\u00e9dito, nossa f\u00e1brica passou a certifica\u00e7\u00e3o do sistema de qualidade ISO9001-2000. Agora, nossa f\u00e1brica pode fornecer m\u00e1quina de descascar lavagem de cenoura, m\u00e1quina de embalagem de saco de malha de cebola, m\u00e1quina de corte de cenoura, m\u00e1quina de cenoura em p\u00f3, m\u00e1quina de fatia de cenoura desidratada, linha de produ\u00e7\u00e3o de batata frita.<\/p>\n<p><a href=\"https:\/\/www.carrotprocess.com\/wp-content\/uploads\/2018\/10\/Banner03-Carrot-Juicer-Machine-Carrot-Juicer-Extractor-Machine-Manufacture-and-Supplier.jpg\"><img decoding=\"async\" class=\"alignnone wp-image-333 size-large\" src=\"https:\/\/www.carrotprocess.com\/wp-content\/uploads\/2018\/10\/Banner03-Carrot-Juicer-Machine-Carrot-Juicer-Extractor-Machine-Manufacture-and-Supplier-1024x269.jpg\" alt=\"Banner03-Carrot-Juicer-Machine-Carrot-Juicer-Extractor-Machine-Manufacture-and-Supplier\" width=\"1024\" height=\"269\" srcset=\"https:\/\/www.carrotprocess.com\/wp-content\/uploads\/2018\/10\/Banner03-Carrot-Juicer-Machine-Carrot-Juicer-Extractor-Machine-Manufacture-and-Supplier-1024x269.jpg 1024w, https:\/\/www.carrotprocess.com\/wp-content\/uploads\/2018\/10\/Banner03-Carrot-Juicer-Machine-Carrot-Juicer-Extractor-Machine-Manufacture-and-Supplier-300x79.jpg 300w, https:\/\/www.carrotprocess.com\/wp-content\/uploads\/2018\/10\/Banner03-Carrot-Juicer-Machine-Carrot-Juicer-Extractor-Machine-Manufacture-and-Supplier-768x202.jpg 768w, https:\/\/www.carrotprocess.com\/wp-content\/uploads\/2018\/10\/Banner03-Carrot-Juicer-Machine-Carrot-Juicer-Extractor-Machine-Manufacture-and-Supplier.jpg 1900w\" sizes=\"(max-width: 1024px) 100vw, 1024px\" \/><\/a><\/p>\n<p>Requisito da qualidade de Europa da carne da m\u00e1quina de processamento de Romiter Onion. com Certifica\u00e7\u00e3o CE, o Cliente n\u00e3o precisa se preocupar com a importa\u00e7\u00e3o<\/p>\n<p><a href=\"https:\/\/www.carrotprocess.com\/wp-content\/uploads\/2018\/08\/Banner04-Full-Automatic-Frying-Carrot-Fries-Production-Line-Manufacture.jpg\"><img decoding=\"async\" class=\"alignnone wp-image-295 size-large\" src=\"https:\/\/www.carrotprocess.com\/wp-content\/uploads\/2018\/08\/Banner04-Full-Automatic-Frying-Carrot-Fries-Production-Line-Manufacture-1024x267.jpg\" alt=\"Banner04-Full-Automatic-Frying-Carrot-Fries-Production-Line-Manufacture\" width=\"1024\" height=\"267\" srcset=\"https:\/\/www.carrotprocess.com\/wp-content\/uploads\/2018\/08\/Banner04-Full-Automatic-Frying-Carrot-Fries-Production-Line-Manufacture-1024x267.jpg 1024w, https:\/\/www.carrotprocess.com\/wp-content\/uploads\/2018\/08\/Banner04-Full-Automatic-Frying-Carrot-Fries-Production-Line-Manufacture-300x78.jpg 300w, https:\/\/www.carrotprocess.com\/wp-content\/uploads\/2018\/08\/Banner04-Full-Automatic-Frying-Carrot-Fries-Production-Line-Manufacture-768x200.jpg 768w, https:\/\/www.carrotprocess.com\/wp-content\/uploads\/2018\/08\/Banner04-Full-Automatic-Frying-Carrot-Fries-Production-Line-Manufacture.jpg 1920w\" sizes=\"(max-width: 1024px) 100vw, 1024px\" \/><\/a><\/p>\n<p>Romiter Group provides a complete Onion\u00a0Processing Solution, which includes but is not limited to:<\/p>\n<ol>\n<li><a href=\"https:\/\/www.carrotprocess.com\/automatic-screw-feeding-type-carrot-washing-peeling-machine\/\">Carrot Washing Peeling Machine<\/a><\/li>\n<li><a href=\"https:\/\/www.carrotprocess.com\/rolling-bar-type-carrot-size-sorting-grading-machine\/\">Carrot Size Sorting Machine<\/a><\/li>\n<li><a href=\"https:\/\/www.carrotprocess.com\/automatic-cylinder-type-carrot-chip-slicing-machine\/\">Carrot Chip Cutting Machine<\/a><\/li>\n<li><a href=\"https:\/\/www.carrotprocess.com\/automatic-carrot-stick-cutting-machine\/\">Carrot Stick Cutting Machine<\/a><\/li>\n<li><a href=\"https:\/\/www.carrotprocess.com\/automatic-carrot-cube-shape-dicer-cutting-machine\/\">Carrot Cube Shape Cutting Machine<\/a><\/li>\n<li><a href=\"https:\/\/www.carrotprocess.com\/automatic-carrot-juice-making-machine\/\">Carrot Juicer Machine<\/a>,<\/li>\n<li><a href=\"https:\/\/www.carrotprocess.com\/electric-heating-type-carrot-slice-dryer-oven\/\">Carrot Dryer Machine<\/a>,<\/li>\n<li><a href=\"https:\/\/www.carrotprocess.com\/full-automatic-frying-carrot-fries-production-line\/\">Carrot Fries Making Machine<\/a>,<\/li>\n<li><a href=\"https:\/\/www.carrotprocess.com\/full-automatic-dehydrated-carrot-chips-production-line\/\">Dehydrated Carrot Chip Making Machine<\/a>,<\/li>\n<li><a href=\"https:\/\/www.carrotprocess.com\/automatic-carrot-dosing-packing-machine\/\">Carrot Bag Dosing Packing Machine<\/a>,<\/li>\n<li>Carrot Harvester Machine and other carrot related machine.<\/li>\n<\/ol>\n<p>Romiter Group can provide customized products for customers. Welcome to contact with us for more information.<\/p>\n<p><a href=\"https:\/\/www.carrotprocess.com\/wp-content\/uploads\/2018\/11\/Romiter-Machinery-Food-Processing-Machine-CE-Certification-and-Patent-Certification.jpg\"><img decoding=\"async\" class=\"alignnone size-full wp-image-391\" src=\"https:\/\/www.carrotprocess.com\/wp-content\/uploads\/2018\/11\/Romiter-Machinery-Food-Processing-Machine-CE-Certification-and-Patent-Certification.jpg\" alt=\"Romiter-Machinery-Food-Processing-Machine-CE-Certification-and-Patent-Certification\" width=\"800\" height=\"413\" srcset=\"https:\/\/www.carrotprocess.com\/wp-content\/uploads\/2018\/11\/Romiter-Machinery-Food-Processing-Machine-CE-Certification-and-Patent-Certification.jpg 800w, https:\/\/www.carrotprocess.com\/wp-content\/uploads\/2018\/11\/Romiter-Machinery-Food-Processing-Machine-CE-Certification-and-Patent-Certification-300x155.jpg 300w, https:\/\/www.carrotprocess.com\/wp-content\/uploads\/2018\/11\/Romiter-Machinery-Food-Processing-Machine-CE-Certification-and-Patent-Certification-768x396.jpg 768w\" sizes=\"(max-width: 800px) 100vw, 800px\" \/><\/a><\/p>\n<p>Facebook Page: <a href=\"https:\/\/www.facebook.com\/CarrotProcessingMachine\/\" rel=\"\u201cnofllow\u201d\">https:\/\/www.facebook.com\/CarrotProcessingMachine\/<\/a><\/p>\n\n<div class=\"wpcf7 no-js\" id=\"wpcf7-f5-o1\" lang=\"en-US\" dir=\"ltr\" data-wpcf7-id=\"5\">\n<div class=\"screen-reader-response\"><p role=\"status\" aria-live=\"polite\" aria-atomic=\"true\"><\/p> <ul><\/ul><\/div>\n<form action=\"\/pt-br\/wp-json\/wp\/v2\/pages\/531#wpcf7-f5-o1\" method=\"post\" class=\"wpcf7-form init\" aria-label=\"Contact form\" novalidate=\"novalidate\" data-status=\"init\">\n<fieldset class=\"hidden-fields-container\"><input type=\"hidden\" name=\"_wpcf7\" value=\"5\" \/><input type=\"hidden\" name=\"_wpcf7_version\" value=\"6.1.5\" \/><input type=\"hidden\" name=\"_wpcf7_locale\" value=\"en_US\" \/><input type=\"hidden\" name=\"_wpcf7_unit_tag\" value=\"wpcf7-f5-o1\" \/><input type=\"hidden\" name=\"_wpcf7_container_post\" value=\"0\" \/><input type=\"hidden\" name=\"_wpcf7_posted_data_hash\" value=\"\" \/>\n<\/fieldset>\n<div id=\"inquiryForm\">\n\t<h2>Send Us Inquiry to Get Quotation\n\t<\/h2>\n\t<p>Please enter your contact information and the details you want to know about our product.\n\t<\/p>\n\t<p>Your Name (required)\n\t<\/p>\n\t<p><span class=\"wpcf7-form-control-wrap\" data-name=\"your-name\"><input size=\"40\" maxlength=\"400\" class=\"wpcf7-form-control wpcf7-text wpcf7-validates-as-required\" aria-required=\"true\" aria-invalid=\"false\" value=\"\" type=\"text\" name=\"your-name\" \/><\/span>\n\t<\/p>\n\t<p>Your Email (required)\n\t<\/p>\n\t<p><span class=\"wpcf7-form-control-wrap\" data-name=\"your-email\"><input size=\"40\" maxlength=\"400\" class=\"wpcf7-form-control wpcf7-email wpcf7-validates-as-required wpcf7-text wpcf7-validates-as-email\" aria-required=\"true\" aria-invalid=\"false\" value=\"\" type=\"email\" name=\"your-email\" \/><\/span>\n\t<\/p>\n\t<p>Country\n\t<\/p>\n\t<p><span class=\"wpcf7-form-control-wrap\" data-name=\"your-country\"><input size=\"40\" maxlength=\"400\" class=\"wpcf7-form-control wpcf7-text\" aria-invalid=\"false\" placeholder=\"Tell us Your Country\" value=\"\" type=\"text\" name=\"your-country\" \/><\/span>\n\t<\/p>\n\t<p>WhatsApp\n\t<\/p>\n\t<p><span class=\"wpcf7-form-control-wrap\" data-name=\"your-whatsapp\"><input size=\"40\" maxlength=\"400\" class=\"wpcf7-form-control wpcf7-text\" aria-invalid=\"false\" placeholder=\"Your WhatsApp ID with Country Code\" value=\"\" type=\"text\" name=\"your-whatsapp\" \/><\/span>\n\t<\/p>\n\t<p>Subject\n\t<\/p>\n\t<p><span class=\"wpcf7-form-control-wrap\" data-name=\"your-subject\"><input size=\"40\" maxlength=\"400\" class=\"wpcf7-form-control wpcf7-text\" aria-invalid=\"false\" value=\"\" type=\"text\" name=\"your-subject\" \/><\/span>\n\t<\/p>\n\t<p>Your Message\n\t<\/p>\n\t<p><span class=\"wpcf7-form-control-wrap\" data-name=\"your-message\"><textarea cols=\"40\" rows=\"10\" maxlength=\"2000\" class=\"wpcf7-form-control wpcf7-textarea\" aria-invalid=\"false\" placeholder=\"please specify your detail requirement here\" name=\"your-message\"><\/textarea><\/span>\n\t<\/p>\n\t<p><input class=\"wpcf7-form-control wpcf7-submit has-spinner\" type=\"submit\" value=\"Send\" \/>\n\t<\/p>\n<\/div><p style=\"display: none !important;\" class=\"akismet-fields-container\" data-prefix=\"_wpcf7_ak_\"><label>&#916;<textarea name=\"_wpcf7_ak_hp_textarea\" cols=\"45\" rows=\"8\" maxlength=\"100\"><\/textarea><\/label><input type=\"hidden\" id=\"ak_js_1\" name=\"_wpcf7_ak_js\" value=\"234\"\/><script>document.getElementById( \"ak_js_1\" ).setAttribute( \"value\", ( new Date() ).getTime() );<\/script><\/p><div class=\"wpcf7-response-output\" aria-hidden=\"true\"><\/div>\n<\/form>\n<\/div>\n\n","protected":false},"excerpt":{"rendered":"<p>A Romiter Machinery Co., Ltd. \u00e9 um designer l\u00edder de mercado e um fabricante de m\u00e1quinas de processamento de cenoura com 15 anos de experi\u00eancia. Nossa f\u00e1brica \u00e9 empresa, localizada na China m\u00e9dia. com conveniente ir e vir e localiza\u00e7\u00e3o geogr\u00e1fica vantajosa. Cobrindo uma \u00e1rea de 36.000 metros quadrados, a empresa, com investimento total de RMB 180 milh\u00f5es no projeto. Nos \u00faltimos 10 anos, nos concentramos em pesquisar e projetar as m\u00e1quinas que poderiam processar a cenoura em diferentes produtos finais. A Romiter Machinery obt\u00e9m ampla reputa\u00e7\u00e3o de produtos com alta efici\u00eancia, excelente confiabilidade, f\u00e1cil manuten\u00e7\u00e3o e longa vida \u00fatil. A Romiter possui uma excelente equipe de suporte t\u00e9cnico, incluindo mec\u00e2nicos e t\u00e9cnicos de servi\u00e7o altamente experientes. Todas as nossas m\u00e1quinas equipam com componentes de marca confi\u00e1veis. Isso nos permite fornecer aos nossos clientes uma m\u00e1quina de processamento de cenoura de alta qualidade e alta qualidade, a pre\u00e7os competitivos. Aderindo ao princ\u00edpio de gerir cientificamente e honestidade e cr\u00e9dito, nossa &#8230;<\/p>\n","protected":false},"author":1,"featured_media":0,"parent":0,"menu_order":0,"comment_status":"closed","ping_status":"closed","template":"","meta":{"footnotes":""},"class_list":["post-531","page","type-page","status-publish","hentry"],"aioseo_notices":[],"_links":{"self":[{"href":"https:\/\/www.carrotprocess.com\/pt-br\/wp-json\/wp\/v2\/pages\/531","targetHints":{"allow":["GET"]}}],"collection":[{"href":"https:\/\/www.carrotprocess.com\/pt-br\/wp-json\/wp\/v2\/pages"}],"about":[{"href":"https:\/\/www.carrotprocess.com\/pt-br\/wp-json\/wp\/v2\/types\/page"}],"author":[{"embeddable":true,"href":"https:\/\/www.carrotprocess.com\/pt-br\/wp-json\/wp\/v2\/users\/1"}],"replies":[{"embeddable":true,"href":"https:\/\/www.carrotprocess.com\/pt-br\/wp-json\/wp\/v2\/comments?post=531"}],"version-history":[{"count":0,"href":"https:\/\/www.carrotprocess.com\/pt-br\/wp-json\/wp\/v2\/pages\/531\/revisions"}],"wp:attachment":[{"href":"https:\/\/www.carrotprocess.com\/pt-br\/wp-json\/wp\/v2\/media?parent=531"}],"curies":[{"name":"wp","href":"https:\/\/api.w.org\/{rel}","templated":true}]}}